{"id":3,"date":"2021-04-14T07:05:32","date_gmt":"2021-04-14T07:05:32","guid":{"rendered":"https:\/\/la-pasion.org\/?page_id=3"},"modified":"2024-02-08T06:48:53","modified_gmt":"2024-02-08T06:48:53","slug":"datenschutz","status":"publish","type":"page","link":"https:\/\/la-pasion.org\/index.php\/datenschutz\/","title":{"rendered":"Datenschutz"},"content":{"rendered":"\t\t<div data-elementor-type=\"wp-page\" data-elementor-id=\"3\" class=\"elementor elementor-3\" data-elementor-post-type=\"page\">\n\t\t\t\t\t\t<section class=\"elementor-section elementor-top-section elementor-element elementor-element-e925c45 elementor-section-boxed elementor-section-height-default elementor-section-height-default\" data-id=\"e925c45\" data-element_type=\"section\" data-settings=\"{&quot;background_background&quot;:&quot;classic&quot;}\">\n\t\t\t\t\t\t<div class=\"elementor-container elementor-column-gap-default\">\n\t\t\t\t\t<div class=\"elementor-column elementor-col-100 elementor-top-column elementor-element elementor-element-644f1270\" data-id=\"644f1270\" data-element_type=\"column\">\n\t\t\t<div class=\"elementor-widget-wrap elementor-element-populated\">\n\t\t\t\t\t\t<div class=\"elementor-element elementor-element-6d1b06d3 elementor-widget elementor-widget-text-editor\" data-id=\"6d1b06d3\" data-element_type=\"widget\" data-widget_type=\"text-editor.default\">\n\t\t\t\t<div class=\"elementor-widget-container\">\n\t\t\t\t\t\t\t\t\t<h6><span>Datenschutz<\/span><\/h6><p><span class=\"Haendlerbund_Rechtstext_Absatz\"><span>Soweit im Folgenden nichts anderes angegeben ist, ist die Bereitstellung Ihrer personenbezogenen Daten nicht gesetzlich oder vertraglich vorgeschrieben und auch nicht f\u00fcr einen Vertragsabschluss erforderlich.\u00a0<\/span><span>Eine Verpflichtung zur Bereitstellung der Daten besteht f\u00fcr Sie nicht.\u00a0<\/span><span>Die Nichtbereitstellung hat keine Konsequenzen.\u00a0<\/span><span>Dies gilt nur, soweit bei den nachfolgenden Verarbeitungsvorg\u00e4ngen keine anderslautenden Angaben gemacht werden.<\/span><br \/><span>\u201ePersonenbezogene Daten\u201c sind alle Informationen, die sich auf eine identifizierte oder identifizierbare nat\u00fcrliche Person beziehen.<\/span><\/span><\/p><h6><span class=\"Haendlerbund_Rechtstext_Absatz\"><span>Serverprotokolldateien<\/span><\/span><\/h6><h6><span class=\"Haendlerbund_Rechtstext_Absatz\"><span>Sie k\u00f6nnen unsere Website besuchen, ohne Angaben zu Ihrer Person zu machen.\u00a0<\/span><\/span><\/h6><h6><span class=\"Haendlerbund_Rechtstext_Absatz\"><span>Bei jedem Zugriff auf unsere Website werden Nutzungsdaten \u00fcber Ihren Internetbrowser an uns bzw. unseren Webhoster\/IT-Dienstleister \u00fcbermittelt und in Protokolldaten (sog. Server-Logfiles) gespeichert.\u00a0<\/span><span>Zu diesen gespeicherten Daten geh\u00f6ren beispielsweise der Name der aufgerufenen Seite, Datum und Uhrzeit des Abrufs, die IP-Adresse, die \u00fcbertragene Datenmenge und der anfragende Provider.\u00a0<\/span><span>Die Verarbeitung erfolgt auf Grundlage von Art. 6 Abs. 1 lit. f DSGVO. 6 Abs. 1 lit.\u00a0<\/span><\/span><br \/>\u00a0<\/h6><h6><em><span>Kontakt<\/span><\/em><\/h6><p><span class=\"Haendlerbund_Rechtstext_Absatz\"><span>Verantwortlich<\/span><\/span><br \/><span class=\"Haendlerbund_Rechtstext_Absatz\"><span>Kontaktieren Sie uns auf Anfrage.\u00a0<\/span><span>Die Kontaktdaten des f\u00fcr die Datenverarbeitung Verantwortlichen k\u00f6nnen Sie unserem Impressum entnehmen.<\/span><\/span><\/p><h6 dir=\"ltr\"><span class=\"Haendlerbund_Rechtstext_Absatz\"><span>Initiativkontakt des Kunden per E-Mail<\/span><br \/><span>Wenn Sie per E-Mail mit uns in Gesch\u00e4ftskontakt treten\u00a0<\/span><span>,\u00a0<\/span><span>erheben wir Ihre personenbezogenen Daten (Name, E-Mail-Adresse, Nachrichtentext) nur in dem von Ihnen zur Verf\u00fcgung gestellten Umfang.\u00a0<\/span><span>Die Datenverarbeitung dient der Bearbeitung und Beantwortung Ihrer Kontaktanfrage.<\/span><br \/><span>Sofern die Kontaktaufnahme der Durchf\u00fchrung vorvertraglicher Ma\u00dfnahmen (z. B. Kaufinteressenberatung, Angebotserstellung) dient oder sich auf einen bereits zwischen Ihnen und uns geschlossenen Vertrag bezieht, erfolgt diese Datenverarbeitung auf Grundlage des Art. 6 Abs. 1 S. 1 lit. b DSGVO. 6 Abs. 1 lit. b DSGVO.<\/span><br \/><span>Erfolgt die Kontaktaufnahme aus anderen Gr\u00fcnden, erfolgt diese Datenverarbeitung auf Grundlage von Art. 6 Abs. 1 S. 1 lit. f DSGVO. 6 Abs. 1 lit.\u00a0\u00a0<\/span><em><span>In diesem Fall haben Sie das Recht, aus Gr\u00fcnden, die sich aus Ihrer besonderen Situation ergeben, jederzeit Widerspruch gegen die Verarbeitung Sie betreffender personenbezogener Daten aufgrund von Art. 6 Abs. 1 lit. f DSGVO einzulegen. Art. 6 Abs. 1 lit. f DSGVO.<\/span><\/em><br \/><span>Wir nutzen Ihre E-Mail-Adresse ausschlie\u00dflich zur Bearbeitung Ihrer Anfrage.\u00a0<\/span><span>Anschlie\u00dfend werden Ihre Daten unter Beachtung der gesetzlichen Aufbewahrungsfristen gel\u00f6scht, sofern Sie der dar\u00fcber hinausgehenden Verarbeitung und Nutzung nicht zugestimmt haben.<\/span><\/span><br \/>\u00a0<\/h6><h6><span class=\"Haendlerbund_Rechtstext_Absatz\">Erhebung und Verarbeitung bei Nutzung des Kontaktformulars<br \/>Bei der Nutzung des Kontaktformulars erheben wir Ihre personenbezogenen Daten (Name, E-Mail-Adresse, Nachrichtentext) nur in dem von Ihnen zur Verf\u00fcgung gestellten Umfang. Die Datenverarbeitung dient dem Zweck der Kontaktaufnahme.<\/span><br \/><span class=\"Haendlerbund_Rechtstext_Absatz\">Wenn die Kontaktaufnahme der Durchf\u00fchrung vorvertraglichen Ma\u00dfnahmen (bspw. Beratung bei Kaufinteresse, Angebotserstellung) dient oder einen bereits zwischen Ihnen und uns geschlossenen Vertrag betrifft, erfolgt diese Datenverarbeitung auf Grundlage des Art. 6 Abs. 1 lit. b DSGVO.<\/span><br \/><span class=\"Haendlerbund_Rechtstext_Absatz\">Erfolgt die Kontaktaufnahme aus anderen Gr\u00fcnden erfolgt diese Datenverarbeitung auf Grundlage des Art. 6 Abs. 1 lit. f DSGVO aus unserem \u00fcberwiegenden berechtigten Interesse an der Bearbeitung und Beantwortung Ihrer Anfrage.\u00a0<\/span><em>In diesem Fall haben Sie das Recht, aus Gr\u00fcnden, die sich aus Ihrer besonderen Situation ergeben, jederzeit dieser auf Art. 6 Abs. 1 lit. f DSGVO beruhenden Verarbeitungen Sie betreffender personenbezogener Daten zu widersprechen.<\/em><br \/><span class=\"Haendlerbund_Rechtstext_Absatz\">Ihre E-Mail-Adresse nutzen wir nur zur Bearbeitung Ihrer Anfrage. Ihre Daten werden anschlie\u00dfend unter Beachtung gesetzlicher Aufbewahrungsfristen gel\u00f6scht, sofern Sie der weitergehenden Verarbeitung und Nutzung nicht zugestimmt haben.<\/span><\/h6><p><em>Kundenkonto\u00a0\u00a0\u00a0\u00a0\u00a0\u00a0Bestellungen\u00a0\u00a0\u00a0\u00a0\u00a0\u00a0<\/em><\/p><p><span class=\"Haendlerbund_Rechtstext_Absatz\">Kundenkonto<br \/>Bei der Er\u00f6ffnung eines Kundenkontos erheben wir Ihre personenbezogenen Daten in dem dort angegebenen Umfang. Die Datenverarbeitung dient dem Zweck, Ihr Einkaufserlebnis zu verbessern und die Bestellabwicklung zu vereinfachen. Die Verarbeitung erfolgt auf Grundlage des Art. 6 Abs. 1 lit. a DSGVO mit Ihrer Einwilligung. Sie k\u00f6nnen Ihre Einwilligung jederzeit durch Mitteilung an uns widerrufen, ohne dass die Rechtm\u00e4\u00dfigkeit der aufgrund der Einwilligung bis zum Widerruf erfolgten Verarbeitung ber\u00fchrt wird. Ihr Kundenkonto wird anschlie\u00dfend gel\u00f6scht.<\/span><\/p><h6><span class=\"Haendlerbund_Rechtstext_Absatz\">Erhebung, Verarbeitung und Weitergabe personenbezogener Daten bei Bestellungen<\/span><\/h6><h6><span class=\"Haendlerbund_Rechtstext_Absatz\">Bei der Bestellung erheben und verarbeiten wir Ihre personenbezogenen Daten nur, soweit dies zur Erf\u00fcllung und Abwicklung Ihrer Bestellung sowie zur Bearbeitung Ihrer Anfragen erforderlich ist. Die Bereitstellung der Daten ist f\u00fcr den Vertragsschluss erforderlich. Eine Nichtbereitstellung hat zur Folge, dass kein Vertrag geschlossen werden kann. Die Verarbeitung erfolgt auf Grundlage des Art. 6 Abs. 1 lit. b DSGVO und ist f\u00fcr die Erf\u00fcllung eines Vertrags mit Ihnen erforderlich.\u00a0<\/span><\/h6><h6><span class=\"Haendlerbund_Rechtstext_Absatz\">Eine Weitergabe Ihrer Daten erfolgt dabei beispielsweise an die von Ihnen gew\u00e4hlten Versandunternehmen und Dropshipping Anbieter, Zahlungsdienstleister, Diensteanbieter f\u00fcr die Bestellabwicklung und IT-Dienstleister. In allen F\u00e4llen beachten wir strikt die gesetzlichen Vorgaben. Der Umfang der Daten\u00fcbermittlung beschr\u00e4nkt sich auf ein Mindestma\u00df.<\/span><br \/>\u00a0<\/h6><h6><em>Werbung\u00a0\u00a0\u00a0\u00a0\u00a0\u00a0<\/em><\/h6><p><span class=\"Haendlerbund_Rechtstext_Absatz\">Verwendung der E-Mail-Adresse f\u00fcr die Zusendung von Newslettern<br \/>Wir nutzen Ihre E-Mail-Adresse unabh\u00e4ngig von der Vertragsabwicklung ausschlie\u00dflich f\u00fcr eigene Werbezwecke zum Newsletterversand, sofern Sie dem ausdr\u00fccklich zugestimmt haben. Die Verarbeitung erfolgt auf Grundlage des Art. 6 Abs. 1 lit. a DSGVO mit Ihrer Einwilligung. Sie k\u00f6nnen die Einwilligung jederzeit widerrufen, ohne dass die Rechtm\u00e4\u00dfigkeit der aufgrund der Einwilligung bis zum Widerruf erfolgten Verarbeitung ber\u00fchrt wird. Sie k\u00f6nnen dazu den Newsletter jederzeit unter Nutzung des entsprechenden Links im Newsletter oder durch Mitteilung an uns abbestellen. Ihre E-Mail-Adresse wird danach aus dem Verteiler entfernt.\u00a0<\/span><\/p><p><span class=\"Haendlerbund_Rechtstext_Absatz\">Ihre Daten werden dabei an einen Dienstleister f\u00fcr E-Mail-Marketing im Rahmen einer Auftragsverarbeitung weitergegeben. Eine Weitergabe an sonstige Dritte erfolgt nicht.<\/span><\/p><p><em>Zahlungsdienstleister\u00a0\u00a0\u00a0\u00a0\u00a0\u00a0<\/em><\/p><p><span class=\"Haendlerbund_Rechtstext_Absatz\">Verwendung von PayPal<br \/>Alle PayPal-Transaktionen unterliegen der PayPal-Datenschutzerkl\u00e4rung. Diese finden Sie unter\u00a0<a href=\"https:\/\/www.paypal.com\/de\/webapps\/mpp\/ua\/privacy-full\" target=\"_blank\" rel=\"noopener\">https:\/\/www.paypal.com\/de\/webapps\/mpp\/ua\/privacy-full<\/a><\/span><\/p><h6><em><span>Kekse<\/span><\/em><\/h6><h6>\u00a0<\/h6><h6><span class=\"Haendlerbund_Rechtstext_Absatz\">Unsere Website verwendet Cookies. Cookies sind kleine Textdateien, die im Internetbrowser bzw. vom Internetbrowser auf dem Computersystem eines Nutzers gespeichert werden. Ruft ein Nutzer eine Website auf, so kann ein Cookie auf dem Betriebssystem des Nutzers gespeichert werden. Dieser Cookie enth\u00e4lt eine charakteristische Zeichenfolge, die eine eindeutige Identifizierung des Browsers beim erneuten Aufrufen der Website erm\u00f6glicht.<\/span><\/h6><h6>\u00a0<\/h6><h6><span class=\"Haendlerbund_Rechtstext_Absatz\">Cookies werden auf Ihrem Rechner gespeichert. Daher haben Sie die volle Kontrolle \u00fcber die Verwendung von Cookies. Durch die Auswahl entsprechender technischer Einstellungen in Ihrem Internetbrowser k\u00f6nnen Sie vor dem Setzen von Cookies benachrichtigt werden und \u00fcber die Annahme einzeln entscheiden sowie die Speicherung der Cookies und \u00dcbermittlung der enthaltenen Daten verhindern. Bereits gespeicherte Cookies k\u00f6nnen jederzeit gel\u00f6scht werden. Wir weisen Sie jedoch darauf hin, dass Sie dann gegebenenfalls nicht s\u00e4mtliche Funktionen dieser Website vollumf\u00e4nglich werden nutzen k\u00f6nnen.<\/span><\/h6><h6>\u00a0<\/h6><h6><span class=\"Haendlerbund_Rechtstext_Absatz\">Unter den nachstehenden Links k\u00f6nnen Sie sich informieren, wie Sie die Cookies bei den wichtigsten Browsern verwalten (u.a. auch deaktivieren) k\u00f6nnen:<\/span><\/h6><h6><span class=\"Haendlerbund_Rechtstext_Absatz\"><span>Chrome:\u00a0\u00a0<\/span><a href=\"https:\/\/support.google.com\/accounts\/answer\/61416?hl=de\" target=\"_blank\" rel=\"noopener\"><span>https:\/\/support.google.com\/accounts\/answer\/61416?hl=de<\/span><\/a><br \/><span>Internet Explorer:\u00a0\u00a0<\/span><a href=\"https:\/\/support.microsoft.com\/de-de\/help\/17442\/windows-internet-explorer-delete-manage-cookies\" target=\"_blank\" rel=\"noopener\"><span>https:\/\/support.microsoft.com\/de-de\/help\/17442\/windows-internet-explorer-delete- Cookies verwalten<\/span><\/a><\/span><\/h6><h6><span class=\"Haendlerbund_Rechtstext_Absatz\"><span>Mozilla Firefox:\u00a0\u00a0<\/span><a href=\"https:\/\/support.mozilla.org\/de\/kb\/cookies-erlauben-und-ablehnen\" target=\"_blank\" rel=\"noopener\"><span>https:\/\/support.mozilla.org\/de\/kb\/cookies-erlauben-und-ablehnen<\/span><\/a><\/span><\/h6><h6><span class=\"Haendlerbund_Rechtstext_Absatz\"><span>Safari:\u00a0\u00a0<\/span><a href=\"https:\/\/support.apple.com\/de-de\/guide\/safari\/manage-cookies-and-website-data-sfri11471\/mac\" target=\"_blank\" rel=\"noopener\"><span>https:\/\/support.apple.com\/de-de\/guide\/safari\/manage-cookies-and-website-data-sfri11471\/mac<\/span><\/a><\/span><\/h6><h6>\u00a0<\/h6><h6><span class=\"Haendlerbund_Rechtstext_Absatz\">Technisch notwendige Cookies<\/span><\/h6><h6><span class=\"Haendlerbund_Rechtstext_Absatz\">Soweit nachstehend in der Datenschutzerkl\u00e4rung keine anderen Angaben gemacht werden setzen wir nur diese technisch notwendigen Cookies zu dem Zweck ein, unser Angebot nutzerfreundlicher, effektiver und sicherer zu machen. Des Weiteren erm\u00f6glichen Cookies unseren Systemen, Ihren Browser auch nach einem Seitenwechsel zu erkennen und Ihnen Services anzubieten. Einige Funktionen unserer Internetseite k\u00f6nnen ohne den Einsatz von Cookies nicht angeboten werden. F\u00fcr diese ist es erforderlich, dass der Browser auch nach einem Seitenwechsel wiedererkannt wird.<\/span><\/h6><h6>\u00a0<\/h6><h6><span class=\"Haendlerbund_Rechtstext_Absatz\">Die Nutzung von Cookies oder vergleichbarer Technologien erfolgt auf Grundlage des \u00a7 15 Abs. 3 S. 1 TMG. Die Verarbeitung Ihrer personenbezogenen Daten erfolgt auf Grundlage des Art. 6 Abs. 1 lit. f DSGVO aus unserem \u00fcberwiegenden berechtigten Interesse\u00a0an der Gew\u00e4hrleistung der optimalen Funktionalit\u00e4t der Website sowie einer nutzerfreundlichen und effektiven Gestaltung unseres Angebots.<\/span><\/h6><h6><span class=\"Haendlerbund_Rechtstext_Absatz\"><em>Sie haben das Recht aus Gr\u00fcnden, die sich aus Ihrer besonderen Situation ergeben, jederzeit dieser Verarbeitungen Sie betreffender personenbezogener Daten zu widersprechen.<\/em><\/span><br \/>\u00a0<\/h6><h6><em><span>Analysieren\u00a0\u00a0\u00a0\u00a0\u00a0\u00a0<\/span><\/em><\/h6><p><span class=\"Haendlerbund_Rechtstext_Absatz\">Verwendung von Google Analytics<br \/>Wir verwenden auf unserer Website den Webanalysedienst Google Analytics der Google LLC. (1600 Amphitheatre Parkway, Mountain View, CA 94043, USA; \u201eGoogle\u201c). Soweit Sie Ihren gew\u00f6hnlichen Aufenthalt im Europ\u00e4ischen Wirtschaftsraum oder der Schweiz haben, ist Google Ireland Limited (Gordon House, Barrow Street, Dublin 4, Irland) der f\u00fcr Ihre Daten zust\u00e4ndige Verantwortliche. Google Ireland Limited ist demnach das mit Google verbundene Unternehmen, welches f\u00fcr die Verarbeitung Ihrer Daten und die Einhaltung der anwendbaren Datenschutzgesetze verantwortlich ist.<br \/>Die Datenverarbeitung dient dem Zweck der Analyse dieser Website und ihrer Besucher sowie f\u00fcr Marketing- und Werbezwecke. Dazu wird Google im Auftrag des Betreibers dieser Website die gewonnenen Informationen benutzen, um Ihre Nutzung der Website auszuwerten, um Reports \u00fcber die Websiteaktivit\u00e4ten zusammenzustellen und um weitere, mit der Websitenutzung und der Internetnutzung verbundene Dienstleistungen gegen\u00fcber dem Websitebetreiber zu erbringen. Dabei k\u00f6nnen u.a. folgende Informationen erhoben werden: IP-Adresse, Datum und Uhrzeit des Seitenaufrufs, Klickpfad, Informationen \u00fcber den von Ihnen verwendeten Browser und das von Ihnen verwendete Device (Ger\u00e4t), besuchte Seiten, Referrer-URL (Webseite, \u00fcber die Sie unsere Webseite aufgerufen haben), Standortdaten, Kaufaktivit\u00e4ten. Die im Rahmen von Google Analytics von Ihrem Browser \u00fcbermittelte IP-Adresse wird nicht mit anderen Daten von Google zusammengef\u00fchrt.<br \/>Google Analytics verwendet Technologien wie Cookies, Webspeicher im Browser und Z\u00e4hlpixel, die eine Analyse der Benutzung der Website durch Sie erm\u00f6glichen. Die dadurch erzeugten Informationen \u00fcber Ihre Benutzung dieser Website werden in der Regel an einen Server von Google in den USA \u00fcbertragen und dort gespeichert.\u00a0F\u00fcr die USA ist kein Angemessenheitsbeschluss der EU-Kommission vorhanden. Die Daten\u00fcbermittlung erfolgt u.a auf Grundlage von Standardvertragsklauseln\u00a0als geeignete Garantien f\u00fcr den Schutz der personenbezogenen Daten, einsehbar unter:\u00a0<a href=\"https:\/\/policies.google.com\/privacy\/frameworks\" target=\"_blank\" rel=\"noopener\">https:\/\/policies.google.com\/privacy\/frameworks<\/a>. Sowohl Google als auch staatliche US-Beh\u00f6rden haben Zugriff auf Ihre Daten. Ihre Daten k\u00f6nnen von Google mit anderen Daten, wie beispielsweise Ihrem Suchverlauf, Ihren pers\u00f6nlichen Accounts, Ihren Nutzungsdaten anderer Ger\u00e4te und allen anderen Daten, die Google zu Ihnen vorliegen hat, verkn\u00fcpft werden.<br \/>Auf dieser Website ist die IP-Anonymisierung aktiviert. Dadurch wird Ihre IP-Adresse von Google innerhalb von Mitgliedstaaten der Europ\u00e4ischen Union oder in anderen Vertragsstaaten des Abkommens \u00fcber den Europ\u00e4ischen Wirtschaftsraum zuvor gek\u00fcrzt. Nur in Ausnahmef\u00e4llen wird die volle IP-Adresse an einen Server von Google in den USA \u00fcbertragen und dort gek\u00fcrzt.<br \/>Die Nutzung von Cookies oder vergleichbarer Technologien erfolgt auf Grundlage des \u00a7 15 Abs. 3 S. 1 TMG. Die Verarbeitung Ihrer personenbezogenen Daten erfolgt auf Grundlage des Art. 6 Abs. 1 lit. f DSGVO aus unserem \u00fcberwiegenden berechtigten Interesse an der bedarfsgerechten und zielgerichteten Gestaltung der Website.\u00a0<em>Sie haben das Recht aus Gr\u00fcnden, die sich aus Ihrer besonderen Situation ergeben, jederzeit dieser Verarbeitungen Sie betreffender personenbezogener Daten zu widersprechen.<\/em><br \/>Sie k\u00f6nnen die Erfassung der durch Google Analytics erzeugten und auf Ihre Nutzung der Website bezogenen Daten (inkl. Ihrer IP-Adresse) an Google sowie die Verarbeitung dieser Daten durch Google verhindern, indem Sie das unter dem folgenden Link verf\u00fcgbare Browser-Plug-in herunterladen und installieren:\u00a0<a href=\"https:\/\/tools.google.com\/dlpage\/gaoptout?hl=de\" target=\"_blank\" rel=\"noopener\">https:\/\/tools.google.com\/dlpage\/gaoptout?hl=de<\/a><br \/>Um die Datenerfassung und -speicherung durch Google Analytics ger\u00e4te\u00fcbergreifend zu verhindern, k\u00f6nnen Sie einen Opt-Out-Cookie setzen. Opt-Out-Cookies verhindern die zuk\u00fcnftige Erfassung Ihrer Daten beim Besuch dieser Website. Sie m\u00fcssen das Opt-Out auf allen genutzten Systemen und Ger\u00e4ten durchf\u00fchren, damit dies umfassend wirkt. Wenn Sie das Opt-out-Cookie l\u00f6schen, werden wieder Anfragen an Google \u00fcbermittelt. Wenn Sie hier klicken, wird das Opt-Out-Cookie gesetzt:\u00a0<a id=\"ga-opt-out\"><\/a>Google Analytics deaktivieren.<br \/>N\u00e4here Informationen zu Nutzungsbedingungen und Datenschutz finden Sie unter\u00a0<a href=\"https:\/\/www.google.com\/analytics\/terms\/de.html\" target=\"_blank\" rel=\"noopener\">https:\/\/www.google.com\/analytics\/terms\/de.html<\/a>\u00a0bzw. unter\u00a0<a href=\"https:\/\/www.google.de\/intl\/de\/policies\/\" target=\"_blank\" rel=\"noopener\">https:\/\/www.google.de\/intl\/de\/policies\/<\/a>\u00a0sowie unter\u00a0<a href=\"https:\/\/policies.google.com\/technologies\/cookies?hl=de\" target=\"_blank\" rel=\"noopener\">https:\/\/policies.google.com\/technologies\/cookies?hl=de<\/a>.<\/span><\/p><h6>\u00a0<\/h6><h6><em>Plug-ins und Sonstiges<\/em><\/h6><div><span class=\"Haendlerbund_Rechtstext_Absatz\">Verwendung von Google reCAPTCHA\u00a0<\/span><\/div><div><span class=\"Haendlerbund_Rechtstext_Absatz\">Wir verwenden auf unserer Website den Dienst reCAPTCHA der Google LLC (1600 Amphitheatre Parkway, Mountain View, CA 94043, USA; \u201eGoogle\u201c).<\/span><br \/><span class=\"Haendlerbund_Rechtstext_Absatz\">Soweit Sie Ihren gew\u00f6hnlichen Aufenthalt im Europ\u00e4ischen Wirtschaftsraum oder der Schweiz haben, ist Google Ireland Limited (Gordon House, Barrow Street, Dublin 4, Irland) der f\u00fcr Ihre Daten zust\u00e4ndige Verantwortliche. Google Ireland Limited ist demnach das mit Google verbundene Unternehmen, welches f\u00fcr die Verarbeitung Ihrer Daten und die Einhaltung der anwendbaren Datenschutzgesetze verantwortlich ist.\u00a0<\/span><span class=\"Haendlerbund_Rechtstext_Absatz\">Die Abfrage dient dem Zweck der Unterscheidung der Eingabe durch einen Menschen oder durch automatisierte, maschinelle Verarbeitung. Dazu wird Ihre Eingabe an Google \u00fcbermittelt und dort weiterverwendet. Zus\u00e4tzlich werden die IP-Adresse und gegebenenfalls weitere von Google f\u00fcr den Dienst reCAPTCHA ben\u00f6tigte Daten an Google \u00fcbertragen.\u00a0Diese Daten werden von Google innerhalb der Europ\u00e4ischen Union verarbeitet und gegebenenfalls auch in die USA \u00fcbermittelt.\u00a0F\u00fcr die USA ist kein Angemessenheitsbeschluss der EU-Kommission vorhanden. Die Daten\u00fcbermittlung erfolgt u.a auf Grundlage von Standardvertragsklauseln als geeignete Garantien f\u00fcr den Schutz der personenbezogenen Daten, einsehbar unter:\u00a0<a href=\"https:\/\/policies.google.com\/privacy\/frameworks\" target=\"_blank\" rel=\"noopener\">https:\/\/policies.google.com\/privacy\/frameworks<\/a>.<\/span><\/div><div><span class=\"Haendlerbund_Rechtstext_Absatz\">Die Nutzung von Cookies oder vergleichbarer Technologien erfolgt auf Grundlage des \u00a7 15 Abs. 3 S. 1 TMG. Die Verarbeitung Ihrer personenbezogenen Daten erfolgt auf Grundlage des Art. 6 Abs. 1 lit. f DSGVO aus unserem \u00fcberwiegenden berechtigten Interesse<\/span><span class=\"Haendlerbund_Rechtstext_Absatz\">\u00a0unsere Website vor automatisierter Aussp\u00e4hung, Missbrauch und SPAM zu sch\u00fctzen.\u00a0<em>Sie haben das Recht aus Gr\u00fcnden, die sich aus Ihrer besonderen Situation ergeben, jederzeit dieser auf Art. 6 Abs. 1 lit. f DSGVO beruhenden Verarbeitungen Sie betreffender personenbezogener Daten zu widersprechen.<\/em><\/span><\/div><div><span class=\"Haendlerbund_Rechtstext_Absatz\">N\u00e4here Informationen zu Google reCAPTCHA sowie die dazugeh\u00f6rige Datenschutzerkl\u00e4rung finden Sie unter:\u00a0<a href=\"https:\/\/www.google.com\/recaptcha\/intro\/android.html\" target=\"_blank\" rel=\"noopener\">https:\/\/www.google.com\/recaptcha\/intro\/android.html<\/a>\u00a0sowie\u00a0<a href=\"https:\/\/www.google.com\/privacy\" target=\"_blank\" rel=\"noopener\">https:\/\/www.google.com\/privacy<\/a>.\u00a0<\/span>\u00a0<\/div><p><em>Betroffenenrechte und Speicherdauer<\/em><\/p><p><span class=\"Haendlerbund_Rechtstext_Absatz\">Dauer der Speicherung<br \/>Nach vollst\u00e4ndiger Vertragsabwicklung werden die Daten zun\u00e4chst f\u00fcr die Dauer der Gew\u00e4hrleistungsfrist, danach unter Ber\u00fccksichtigung gesetzlicher, insbesondere steuer- und handelsrechtlicher Aufbewahrungsfristen gespeichert und dann nach Fristablauf gel\u00f6scht, sofern Sie der weitergehenden Verarbeitung und Nutzung nicht zugestimmt haben.<\/span><\/p><p><span class=\"Haendlerbund_Rechtstext_Absatz\">Rechte der betroffenen Person<br \/>Ihnen stehen bei Vorliegen der gesetzlichen Voraussetzungen folgende Rechte nach Art. 15 bis 20 DSGVO zu: Recht auf Auskunft, auf Berichtigung, auf L\u00f6schung, auf Einschr\u00e4nkung der Verarbeitung, auf Daten\u00fcbertragbarkeit.<br \/>Au\u00dferdem steht Ihnen nach Art. 21 Abs. 1 DSGVO ein Widerspruchsrecht gegen die Verarbeitungen zu, die auf Art. 6 Abs. 1 f DSGVO beruhen, sowie gegen die Verarbeitung zum Zwecke von Direktwerbung.<\/span><\/p><p><span class=\"Haendlerbund_Rechtstext_Absatz\">Beschwerderecht bei der Aufsichtsbeh\u00f6rde<br \/>Sie haben gem\u00e4\u00df Art. 77 DSGVO das Recht, sich bei der Aufsichtsbeh\u00f6rde zu beschweren, wenn Sie der Ansicht sind, dass die Verarbeitung Ihrer personenbezogenen Daten nicht rechtm\u00e4\u00dfig erfolgt.<\/span><\/p><p><span class=\"Haendlerbund_Rechtstext_Absatz\"><br \/><span>Recht auf\u00a0<\/span><span>Widerspruch\u00a0<\/span><span>Sofern die hier aufgef\u00fchrten Verarbeitungen personenbezogener Daten auf unserem berechtigten Interesse gem\u00e4\u00df Art. 6 Abs. 1 lit. f DSGVO beruhen, haben Sie das Recht, aus Gr\u00fcnden, die sich aus Ihrer Sicht ergeben, dieser Verarbeitung jederzeit mit Wirkung f\u00fcr die Zukunft zu widersprechen besondere Situation.<\/span><br \/><span>Nach erfolgtem Widerspruch wird die Verarbeitung der betroffenen Daten beendet, es sei denn, wir k\u00f6nnen zwingende schutzw\u00fcrdige Gr\u00fcnde f\u00fcr die Verarbeitung nachweisen, die Ihre Interessen, Rechte und Freiheiten \u00fcberwiegen, oder die Verarbeitung dient der Geltendmachung, Aus\u00fcbung oder Verteidigung von Rechtsanspr\u00fcchen.<\/span><\/span><\/p><p><span class=\"Haendlerbund_Rechtstext_Absatz\"><span>letzte Aktualisierung: 27.10.2020<\/span><\/span><\/p>\t\t\t\t\t\t\t\t<\/div>\n\t\t\t\t<\/div>\n\t\t\t\t\t<\/div>\n\t\t<\/div>\n\t\t\t\t\t<\/div>\n\t\t<\/section>\n\t\t\t\t<\/div>\n\t\t","protected":false},"excerpt":{"rendered":"<p>Datenschutz Soweit im Folgenden nichts anderes angegeben ist, ist die Bereitstellung Ihrer personenbezogenen Daten nicht gesetzlich oder vertraglich vorgeschrieben und auch nicht f\u00fcr einen Vertragsabschluss erforderlich.\u00a0Eine Verpflichtung zur Bereitstellung der Daten besteht f\u00fcr Sie nicht.\u00a0Die Nichtbereitstellung hat keine Konsequenzen.\u00a0Dies gilt nur, soweit bei den nachfolgenden Verarbeitungsvorg\u00e4ngen keine anderslautenden Angaben gemacht werden.\u201ePersonenbezogene Daten\u201c sind alle Informationen, [&hellip;]<\/p>\n","protected":false},"author":1,"featured_media":0,"parent":0,"menu_order":0,"comment_status":"closed","ping_status":"closed","template":"","meta":{"footnotes":""},"class_list":["post-3","page","type-page","status-publish","hentry"],"_links":{"self":[{"href":"https:\/\/la-pasion.org\/index.php\/wp-json\/wp\/v2\/pages\/3","targetHints":{"allow":["GET"]}}],"collection":[{"href":"https:\/\/la-pasion.org\/index.php\/wp-json\/wp\/v2\/pages"}],"about":[{"href":"https:\/\/la-pasion.org\/index.php\/wp-json\/wp\/v2\/types\/page"}],"author":[{"embeddable":true,"href":"https:\/\/la-pasion.org\/index.php\/wp-json\/wp\/v2\/users\/1"}],"replies":[{"embeddable":true,"href":"https:\/\/la-pasion.org\/index.php\/wp-json\/wp\/v2\/comments?post=3"}],"version-history":[{"count":21,"href":"https:\/\/la-pasion.org\/index.php\/wp-json\/wp\/v2\/pages\/3\/revisions"}],"predecessor-version":[{"id":8214,"href":"https:\/\/la-pasion.org\/index.php\/wp-json\/wp\/v2\/pages\/3\/revisions\/8214"}],"wp:attachment":[{"href":"https:\/\/la-pasion.org\/index.php\/wp-json\/wp\/v2\/media?parent=3"}],"curies":[{"name":"wp","href":"https:\/\/api.w.org\/{rel}","templated":true}]}}